{"id":36,"date":"2011-01-29T14:10:07","date_gmt":"2011-01-29T14:10:07","guid":{"rendered":"http:\/\/hartmutleimcke.de\/?page_id=36"},"modified":"2023-01-25T17:10:46","modified_gmt":"2023-01-25T17:10:46","slug":"kontakt","status":"publish","type":"page","link":"http:\/\/hartmutleimcke.de\/?page_id=36","title":{"rendered":"kontakt"},"content":{"rendered":"<table border=\"1\" cellspacing=\"0\" cellpadding=\"0\">\n<tbody>\n<tr>\n<td valign=\"top\" width=\"243\">\n<p style=\"text-align: right;\">Hartmut Leimcke<br \/>\nAndr\u00e9str. 6<br \/>\n09112 Chemnitz<\/p>\n<p>\n<div class=\"wpcf7 no-js\" id=\"wpcf7-f265-o1\" lang=\"en-US\" dir=\"ltr\" data-wpcf7-id=\"265\">\n<div class=\"screen-reader-response\"><p role=\"status\" aria-live=\"polite\" aria-atomic=\"true\"><\/p> <ul><\/ul><\/div>\n<form action=\"\/index.php?rest_route=%2Fwp%2Fv2%2Fpages%2F36#wpcf7-f265-o1\" method=\"post\" class=\"wpcf7-form init\" aria-label=\"Contact form\" novalidate=\"novalidate\" data-status=\"init\">\n<fieldset class=\"hidden-fields-container\"><input type=\"hidden\" name=\"_wpcf7\" value=\"265\" \/><input type=\"hidden\" name=\"_wpcf7_version\" value=\"6.1.5\" \/><input type=\"hidden\" name=\"_wpcf7_locale\" value=\"en_US\" \/><input type=\"hidden\" name=\"_wpcf7_unit_tag\" value=\"wpcf7-f265-o1\" \/><input type=\"hidden\" name=\"_wpcf7_container_post\" value=\"0\" \/><input type=\"hidden\" name=\"_wpcf7_posted_data_hash\" value=\"\" \/>\n<\/fieldset>\n<p>Name\n<\/p>\n<p><span class=\"wpcf7-form-control-wrap\" data-name=\"your-name\"><input size=\"40\" maxlength=\"400\" class=\"wpcf7-form-control wpcf7-text wpcf7-validates-as-required\" aria-required=\"true\" aria-invalid=\"false\" value=\"\" type=\"text\" name=\"your-name\" \/><\/span>\n<\/p>\n<p><span id=\"wpcf7-69f50997884cf-wrapper\" class=\"wpcf7-form-control-wrap Website-wrap\" ><input type=\"hidden\" name=\"Website-time-start\" value=\"1777666455\"><input type=\"hidden\" name=\"Website-time-check\" value=\"4\"><label for=\"wpcf7-69f50997884cf-field\" class=\"hp-message\">Please leave this field empty.<\/label><input id=\"wpcf7-69f50997884cf-field\"  class=\"wpcf7-form-control wpcf7-text\" type=\"text\" name=\"Website\" value=\"\" size=\"40\" tabindex=\"-1\" autocomplete=\"new-password\" \/><\/span><br \/>\n<span id=\"wpcf7-69f5099788543-wrapper\" class=\"wpcf7-form-control-wrap Mobile-wrap\" ><input type=\"hidden\" name=\"Mobile-time-start\" value=\"1777666455\"><input type=\"hidden\" name=\"Mobile-time-check\" value=\"4\"><label for=\"wpcf7-69f5099788543-field\" class=\"hp-message\">Please leave this field empty.<\/label><input id=\"wpcf7-69f5099788543-field\"  class=\"wpcf7-form-control wpcf7-text\" type=\"text\" name=\"Mobile\" value=\"\" size=\"40\" tabindex=\"-1\" autocomplete=\"new-password\" \/><\/span>\n<\/p>\n<p>Email\n<\/p>\n<p><span class=\"wpcf7-form-control-wrap\" data-name=\"your-email\"><input size=\"40\" maxlength=\"400\" class=\"wpcf7-form-control wpcf7-email wpcf7-validates-as-required wpcf7-text wpcf7-validates-as-email\" aria-required=\"true\" aria-invalid=\"false\" value=\"\" type=\"email\" name=\"your-email\" \/><\/span>\n<\/p>\n<p>Betreff\n<\/p>\n<p><span class=\"wpcf7-form-control-wrap\" data-name=\"your-subject\"><input size=\"40\" maxlength=\"400\" class=\"wpcf7-form-control wpcf7-text\" aria-invalid=\"false\" value=\"\" type=\"text\" name=\"your-subject\" \/><\/span>\n<\/p>\n<p>Ihre Nachricht\n<\/p>\n<p><span class=\"wpcf7-form-control-wrap\" data-name=\"your-message\"><textarea cols=\"40\" rows=\"10\" maxlength=\"2000\" class=\"wpcf7-form-control wpcf7-textarea\" aria-invalid=\"false\" name=\"your-message\"><\/textarea><\/span>\n<\/p>\n<p><input class=\"wpcf7-form-control wpcf7-submit has-spinner\" type=\"submit\" value=\"Senden\" \/>\n<\/p><p style=\"display: none !important;\" class=\"akismet-fields-container\" data-prefix=\"_wpcf7_ak_\"><label>&#916;<textarea name=\"_wpcf7_ak_hp_textarea\" cols=\"45\" rows=\"8\" maxlength=\"100\"><\/textarea><\/label><input type=\"hidden\" id=\"ak_js_1\" name=\"_wpcf7_ak_js\" value=\"138\"\/><script type=\"text\/javascript\">\n\/* <![CDATA[ *\/\ndocument.getElementById( \"ak_js_1\" ).setAttribute( \"value\", ( new Date() ).getTime() );\n\/* ]]> *\/\n<\/script>\n<\/p><div class=\"wpcf7-response-output\" aria-hidden=\"true\"><\/div>\n<\/form>\n<\/div>\n<\/td>\n<td valign=\"top\" width=\"450\">Sie erreichen mich am besten per Telefon unter:&nbsp;<\/p>\n<p><strong>0371\/305702<\/strong><\/p>\n<p><span style=\"color: #888888;\"><strong>Impressum<\/strong><\/span><\/p>\n<p><span style=\"color: #999999;\"><span style=\"font-size: x-small;\"><em>Fotos:<\/em><br \/>\nMartin &amp; Maria Worm, Hartmut Leimcke<\/span><\/span><\/p>\n<p><span style=\"color: #999999;\"><span style=\"font-size: x-small;\">Alle auf www.hartmutleimcke.de ver\u00f6ffentlichten Texte und Fotografien sind urheberrechtlich gesch\u00fctzt. Das Vervielf\u00e4ltigen, Herunterladen, Verbreiten und Ver\u00f6ffentlichen bedarf der schriftlichen Genehmigung von Hartmut Leimcke.<\/span><\/span><\/p>\n<p><span style=\"color: #999999;\"><span style=\"font-size: x-small;\">Haftungshinweis<br \/>\nTrotz sorgf\u00e4ltiger inhaltlicher Kontrolle \u00fcbernehme ich keine Haftung f\u00fcr die Inhalte externer Links. F\u00fcr den Inhalt der verlinkten Seiten sind ausschlie\u00dflich deren Betreiber verantwortlich.<\/span><\/span><\/td>\n<\/tr>\n<\/tbody>\n<\/table>\n","protected":false},"excerpt":{"rendered":"<p>Hartmut Leimcke Andr\u00e9str. 6 09112 Chemnitz Sie erreichen mich am besten per Telefon unter:&nbsp; 0371\/305702 Impressum Fotos: Martin &amp; Maria Worm, Hartmut Leimcke Alle auf www.hartmutleimcke.de ver\u00f6ffentlichten Texte und Fotografien sind urheberrechtlich gesch\u00fctzt. Das Vervielf\u00e4ltigen, Herunterladen, Verbreiten und Ver\u00f6ffentlichen bedarf &hellip; <a href=\"http:\/\/hartmutleimcke.de\/?page_id=36\">Weiterlesen <span class=\"meta-nav\">&rarr;<\/span><\/a><\/p>\n","protected":false},"author":1,"featured_media":0,"parent":2,"menu_order":0,"comment_status":"closed","ping_status":"open","template":"onecolumn-page.php","meta":{"ngg_post_thumbnail":0,"footnotes":""},"class_list":["post-36","page","type-page","status-publish","hentry"],"_links":{"self":[{"href":"http:\/\/hartmutleimcke.de\/index.php?rest_route=\/wp\/v2\/pages\/36","targetHints":{"allow":["GET"]}}],"collection":[{"href":"http:\/\/hartmutleimcke.de\/index.php?rest_route=\/wp\/v2\/pages"}],"about":[{"href":"http:\/\/hartmutleimcke.de\/index.php?rest_route=\/wp\/v2\/types\/page"}],"author":[{"embeddable":true,"href":"http:\/\/hartmutleimcke.de\/index.php?rest_route=\/wp\/v2\/users\/1"}],"replies":[{"embeddable":true,"href":"http:\/\/hartmutleimcke.de\/index.php?rest_route=%2Fwp%2Fv2%2Fcomments&post=36"}],"version-history":[{"count":23,"href":"http:\/\/hartmutleimcke.de\/index.php?rest_route=\/wp\/v2\/pages\/36\/revisions"}],"predecessor-version":[{"id":362,"href":"http:\/\/hartmutleimcke.de\/index.php?rest_route=\/wp\/v2\/pages\/36\/revisions\/362"}],"up":[{"embeddable":true,"href":"http:\/\/hartmutleimcke.de\/index.php?rest_route=\/wp\/v2\/pages\/2"}],"wp:attachment":[{"href":"http:\/\/hartmutleimcke.de\/index.php?rest_route=%2Fwp%2Fv2%2Fmedia&parent=36"}],"curies":[{"name":"wp","href":"https:\/\/api.w.org\/{rel}","templated":true}]}}